{"id":8748,"date":"2017-03-09T14:55:14","date_gmt":"2017-03-09T14:55:14","guid":{"rendered":"http:\/\/35.185.104.154\/?page_id=8748"},"modified":"2017-03-09T14:55:14","modified_gmt":"2017-03-09T14:55:14","slug":"spain","status":"publish","type":"page","link":"https:\/\/elegant-germain.77-68-99-159.plesk.page\/index.php\/spain\/","title":{"rendered":"COM Church Espa\u00f1ol"},"content":{"rendered":"<p>[vc_row row_type=&#8221;2&#8243; blox_image=&#8221;9151&#8243; align_center=&#8221;aligncenter&#8221; blox_dark=&#8221;true&#8221;][vc_column][distance type=&#8221;3&#8243;][distance type=&#8221;3&#8243;][distance type=&#8221;3&#8243;][vc_column_text]<\/p>\n<h2 style=\"text-align: center;\"><strong>Permite que Dios haga un milagro en t\u00fa vida<\/strong><\/h2>\n<p>[\/vc_column_text][distance type=&#8221;3&#8243;][distance type=&#8221;3&#8243;][distance type=&#8221;3&#8243;][\/vc_column][\/vc_row][vc_row][vc_column][distance][vc_separator color=&#8221;custom&#8221; style=&#8221;shadow&#8221; border_width=&#8221;2&#8243; accent_color=&#8221;#81d742&#8243;][\/vc_column][\/vc_row][vc_row][vc_column css_animation=&#8221;bounceIn&#8221; width=&#8221;1\/3&#8243;][vc_single_image image=&#8221;9161&#8243; img_size=&#8221;full&#8221;][vc_column_text]<\/p>\n<hr \/>\n<h4>ACERCA DE \/ ABOUT<\/h4>\n<p><a href=\"#about\"><span style=\"color: #0000ff;\"><strong>Descubrir c\u00f3mo, por qu\u00e9, qui\u00e9n y qu\u00e9 somos. \u00a1Maravilloso!<\/strong><\/span><\/a><br \/>\n<a href=\"#about\"><span style=\"color: #0000ff;\">Find out how, why, who and what are we. Wonderful!<\/span><\/a>[\/vc_column_text][\/vc_column][vc_column css_animation=&#8221;bounceIn&#8221; width=&#8221;1\/3&#8243;][vc_single_image image=&#8221;8953&#8243; img_size=&#8221;full&#8221;][vc_column_text]<\/p>\n<hr \/>\n<h4>EVENTOS \/ EVENTS<\/h4>\n<p><span style=\"color: #0000ff;\"><a style=\"color: #0000ff;\" href=\"https:\/\/www.facebook.com\/pg\/COMChurchEspanol\/events\/?ref=page_internal\"><strong>Averig\u00fce d\u00f3nde nos encontramos y c\u00f3mo comunicarse con nosotros.<\/strong><\/a><\/span><br \/>\n<span style=\"color: #0000ff;\"><a style=\"color: #0000ff;\" href=\"https:\/\/www.facebook.com\/pg\/COMChurchEspanol\/events\/?ref=page_internal\">Find out where we meet and how to reach us.<\/a><\/span>[\/vc_column_text][\/vc_column][vc_column css_animation=&#8221;bounceIn&#8221; width=&#8221;1\/3&#8243;][vc_single_image image=&#8221;10088&#8243; img_size=&#8221;full&#8221; onclick=&#8221;custom_link&#8221; link=&#8221;https:\/\/www.facebook.com\/events\/1951997005069086\/?context=create&#038;previousaction=create&#038;source=1&#038;page_id_source=1400704393285964&#038;sid_create=1772151109&#038;action_history=`{`%7B%22surface%22%3A%22page%22%2C%22mechanism%22%3A%22main_list%22%2C%22extra_data%22%3A%22%7B%5C%22page_id%5C%22%3A1400704393285964%2C%5C%22tour_id%5C%22%3Anull%7D%22%7D%2C%7B%22surface%22%3A%22permalink%22%2C%22mechanism%22%3A%22tip%22%2C%22extra_data%22%3A`{&#8220;}`%7D%2C%7B%22surface%22%3A%22create_dialog%22%2C%22mechanism%22%3A%22page_create_dialog%22%2C%22extra_data%22%3A`{&#8220;][vc_column_text]<\/p>\n<hr \/>\n<h4>GRUPO \/ GROUP<\/h4>\n<p><span style=\"color: #0000ff;\"><strong>\u00danase a nosotros todos los s\u00e1bados a las 4.30 pm<\/strong><\/span><br \/>\n<span style=\"color: #0000ff;\">Join us every Saturday at 4.30pm<\/span>[\/vc_column_text][\/vc_column][\/vc_row][vc_row row_type=&#8221;2&#8243; blox_image=&#8221;9106&#8243; align_center=&#8221;aligncenter&#8221; blox_dark=&#8221;true&#8221;][vc_column][distance type=&#8221;3&#8243;][distance type=&#8221;3&#8243;][distance type=&#8221;3&#8243;][vc_column_text]<\/p>\n<h2 style=\"text-align: center;\"><strong>El servicio es biling\u00fce en Ingl\u00e9s y Espa\u00f1ol<\/strong><\/h2>\n<p>[\/vc_column_text][distance type=&#8221;3&#8243;][distance type=&#8221;3&#8243;][distance type=&#8221;3&#8243;][\/vc_column][\/vc_row][vc_row][vc_column][vc_column_text]<a name=\"about\"><\/a><\/p>\n<hr \/>\n<p><strong>COM IGLESIA\u00a0<\/strong><strong>ESPA\u00d1OL<\/strong> \/\u00a0<b>COM\u00a0CHURCH SPAIN<\/b><\/p>\n<div class=\"page\" title=\"Page 1\">\n<div class=\"section\">\n<div class=\"layoutArea\">\n<div class=\"column\">\n<p><strong><span style=\"color: #000000;\">Tenemos un amor real para la comunidad hispana. As\u00ed que si usted est\u00e1 buscando para conectar con otras personas que hablan espa\u00f1ol con el fin de experimentar la presencia de Dios, entonces podemos ayudarle.<\/span><\/strong><\/p>\n<p>We have a real love for the Hispanic community. So if you are looking to connect with other Spanish speaking people in order to experience God\u2019s presence then we can help you.<\/p>\n<p>&nbsp;<\/p>\n<p><strong>CAF\u00c9 CON JES\u00daS<\/strong><b> \/\u00a0COFFEE WITH JESUS<\/b><\/p>\n<p><strong><span style=\"color: #000000;\">Nuestro servicio Espa\u00f1ol \u00fanica se llama \u201cCaf\u00e9 con Jes\u00fas \u2018. Cada dos meses, nos reunimos arriba en la zona intermedia de nuestro edificio principal a las 18 horas de la tarde, en domingo. Despu\u00e9s de una c\u00e1lida bienvenida que experimentar\u00e1 nuestro estila de m\u00fasica latina del culto, seguido de un cambio de vida el testimonio de un visitante que habla espa\u00f1ol.<\/span><\/strong><\/p>\n<p>Our unique Spanish service is called \u2018Caf\u00e9 con Jes\u00fas\u2019. Every other month we gather upstairs in the mezzanine area of our main building at 6pm on a Sunday evening. After a warm welcome you will experience our Latin music style of worship followed by a life changing testimony from a Spanish speaking visitor.<\/p>\n<p><span style=\"color: #000000;\"><strong>El servicio es biling\u00fce en Ingl\u00e9s y Espa\u00f1ol. La ausencia de un serm\u00f3n formal, significa que usted puede invitar de forma segura a sus amigos y familiares para un ambiente informal que los reci\u00e9n llegados disfrutar\u00e1n.<\/strong><\/span><\/p>\n<p>The service is bilingual in English and Spanish. The absence of a formal sermon means that you can safely invite your friends and family to an informal atmosphere that newcomers will enjoy.<\/p>\n<p>&nbsp;<\/p>\n<\/div>\n<\/div>\n<\/div>\n<\/div>\n<p><strong>CAFE CON JES\u00daS ESPECIAL\u00a0<\/strong><strong>\/ <\/strong>COFFEE WITH JESUS SPECIAL<\/p>\n<div class=\"page\" title=\"Page 1\">\n<div class=\"section\">\n<div class=\"layoutArea\">\n<div class=\"column\">\n<p><strong><span style=\"color: #000000;\">Dos veces al a\u00f1o nos gusta hacer algo un poco diferente! Nos encontramos en nuestro auditorio de mil asientos para celebrar la bondad de Dios. Podr\u00edamos tener una noche de salsa, una comida juntos, un invitado musical internacional o un testimonio \u00fanico que brilla una luz brillante en la misericordia y gracia de Dios.<\/span><\/strong><\/p>\n<p>Twice a year we like to do something a little different! We meet in our 1000 seat auditorium to celebrate the goodness of God. We could have a Salsa Evening, A meal together, An International musical guest or a unique testimony that shines a bright light on God\u2019s Mercy and Grace.<\/p>\n<\/div>\n<\/div>\n<\/div>\n<\/div>\n<p>[\/vc_column_text][\/vc_column][\/vc_row][vc_row][vc_column css_animation=&#8221;bounceIn&#8221; width=&#8221;1\/3&#8243;][vc_single_image image=&#8221;9126&#8243; img_size=&#8221;full&#8221;][\/vc_column][vc_column css_animation=&#8221;bounceIn&#8221; width=&#8221;1\/3&#8243;][vc_single_image image=&#8221;9125&#8243; img_size=&#8221;full&#8221;][\/vc_column][vc_column css_animation=&#8221;bounceIn&#8221; width=&#8221;1\/3&#8243;][vc_single_image image=&#8221;9172&#8243; img_size=&#8221;full&#8221;][\/vc_column][\/vc_row][vc_row][vc_column][vc_gmaps link=&#8221;#E-8_JTNDaWZyYW1lJTIwc3JjJTNEJTIyaHR0cHMlM0ElMkYlMkZ3d3cuZ29vZ2xlLmNvbSUyRm1hcHMlMkZlbWJlZCUzRnBiJTNEJTIxMW0xOCUyMTFtMTIlMjExbTMlMjExZDI0NjIuNTM5NzA2Mjc2MzM0NSUyMTJkLTAuNTI1NTY5OTQ4ODM4MzQyNyUyMTNkNTEuODg3NjE0MTkwNTUzNDUlMjEybTMlMjExZjAlMjEyZjAlMjEzZjAlMjEzbTIlMjExaTEwMjQlMjEyaTc2OCUyMTRmMTMuMSUyMTNtMyUyMTFtMiUyMTFzMHg0ODc2NGYwNzI4ZDc4ZDBkJTI1M0EweGY4NzM4OGZhODY3ZDMwMjAlMjEyc0R1bnN0YWJsZSUyQkNvbmZlcmVuY2UlMkJDZW50cmUlMjE1ZTAlMjEzbTIlMjExc2VuJTIxMnN1ayUyMTR2MTQ4ODk5MDgzNDg5MiUyMiUyMHdpZHRoJTNEJTIyNjAwJTIyJTIwaGVpZ2h0JTNEJTIyNDUwJTIyJTIwZnJhbWVib3JkZXIlM0QlMjIwJTIyJTIwc3R5bGUlM0QlMjJib3JkZXIlM0EwJTIyJTIwYWxsb3dmdWxsc2NyZWVuJTNFJTNDJTJGaWZyYW1lJTNF&#8221; size=&#8221;275&#8243; css_animation=&#8221;bounceIn&#8221;][\/vc_column][\/vc_row]<\/p>\n","protected":false},"excerpt":{"rendered":"<p>[vc_row row_type=&#8221;2&#8243; blox_image=&#8221;9151&#8243; align_center=&#8221;aligncenter&#8221; blox_dark=&#8221;true&#8221;][vc_column][distance type=&#8221;3&#8243;][distance type=&#8221;3&#8243;][distance type=&#8221;3&#8243;][vc_column_text] Permite que Dios haga un milagro en t\u00fa vida [\/vc_column_text][distance type=&#8221;3&#8243;][distance type=&#8221;3&#8243;][distance type=&#8221;3&#8243;][\/vc_column][\/vc_row][vc_row][vc_column][distance][vc_separator color=&#8221;custom&#8221; style=&#8221;shadow&#8221; border_width=&#8221;2&#8243; accent_color=&#8221;#81d742&#8243;][\/vc_column][\/vc_row][vc_row][vc_column css_animation=&#8221;bounceIn&#8221; width=&#8221;1\/3&#8243;][vc_single_image image=&#8221;9161&#8243; img_size=&#8221;full&#8221;][vc_column_text] ACERCA DE \/ ABOUT Descubrir c\u00f3mo, por qu\u00e9, qui\u00e9n y qu\u00e9 somos. \u00a1Maravilloso! Find out how, why, who and what are we. Wonderful![\/vc_column_text][\/vc_column][vc_column css_animation=&#8221;bounceIn&#8221; width=&#8221;1\/3&#8243;][vc_single_image image=&#8221;8953&#8243; [&hellip;]<\/p>\n","protected":false},"author":1,"featured_media":0,"parent":0,"menu_order":0,"comment_status":"closed","ping_status":"closed","template":"","meta":{"footnotes":""},"class_list":["post-8748","page","type-page","status-publish","hentry"],"_links":{"self":[{"href":"https:\/\/elegant-germain.77-68-99-159.plesk.page\/index.php\/wp-json\/wp\/v2\/pages\/8748","targetHints":{"allow":["GET"]}}],"collection":[{"href":"https:\/\/elegant-germain.77-68-99-159.plesk.page\/index.php\/wp-json\/wp\/v2\/pages"}],"about":[{"href":"https:\/\/elegant-germain.77-68-99-159.plesk.page\/index.php\/wp-json\/wp\/v2\/types\/page"}],"author":[{"embeddable":true,"href":"https:\/\/elegant-germain.77-68-99-159.plesk.page\/index.php\/wp-json\/wp\/v2\/users\/1"}],"replies":[{"embeddable":true,"href":"https:\/\/elegant-germain.77-68-99-159.plesk.page\/index.php\/wp-json\/wp\/v2\/comments?post=8748"}],"version-history":[{"count":0,"href":"https:\/\/elegant-germain.77-68-99-159.plesk.page\/index.php\/wp-json\/wp\/v2\/pages\/8748\/revisions"}],"wp:attachment":[{"href":"https:\/\/elegant-germain.77-68-99-159.plesk.page\/index.php\/wp-json\/wp\/v2\/media?parent=8748"}],"curies":[{"name":"wp","href":"https:\/\/api.w.org\/{rel}","templated":true}]}}